{"id":4333,"date":"2025-10-03T00:00:47","date_gmt":"2025-10-03T00:00:47","guid":{"rendered":"https:\/\/perropolis.cl\/?post_type=product&#038;p=4333"},"modified":"2025-10-03T00:10:37","modified_gmt":"2025-10-03T00:10:37","slug":"fit-formula-gato-10kg","status":"publish","type":"product","link":"https:\/\/perropolis.cl\/index.php\/product\/fit-formula-gato-10kg\/","title":{"rendered":"FIT FORMULA GATO 10KG"},"content":{"rendered":"<p>*Alimento premium para gatos adultos de 1 a 7 a\u00f1os. Excelente digestibilidad que se refleja en un menor volumen de heces<\/p>\n<p>Ingredientes<br \/>\nHarina de V\u00edsceras de Ave, Harina de Carne y Hueso Bovina, Arroz, Harina de Trigo, Ma\u00edz Grano, Harina de Soya, Aceite Refinado de Ave, Harina de Salm\u00f3n, Hidrolizados Proteicos (Saborizante Natural), Huevo Deshidratado, \u00c1cidos Grasos Marinos y Vegetales Ricos en Omega 3 y 6, DHA, Nucle\u00f3tidos, Vitaminas (A, D, E, C, Tiamina, Riboflavina, \u00c1cido Pantot\u00e9nico, Piridoxina, B12, Niacina, \u00c1cido F\u00f3lico, Biotina, Colina y Vitamina K), Minerales (Calcio, F\u00f3sforo, Potasio, Magnesio, Cobre Org\u00e1nico, Yodo, Hierro Org\u00e1nico, Manganeso Org\u00e1nico, Selenio Org\u00e1nico y Zinc Org\u00e1nico), Sal (0,15%), Taurina, Zeolita, Hexametafosfato de Sodio, Extracto de Pared de Levadura Fuente de Manano Oligosac\u00e1ridos (MOS), Extracto de Yucca schidigera, Antioxidantes Naturales (Tocoferoles y Extracto de Romero), Conservantes.<\/p>\n<p>Descripci\u00f3n<br \/>\nFit F\u00f3rmula Gato es un alimento que contiene todos los nutrientes esenciales para una alimentaci\u00f3n completa y balanceada, manteniendo a su gato saludable y vigoroso. El gran valor de los ingredientes utilizados, de excelente digestibilidad, se ver\u00e1 reflejado en un menor volumen de heces. Fit F\u00f3rmula Gato es un alimento completo que satisface todas las exigencias nutricionales de su gato. Evite mezclar Fit F\u00f3rmula Gato con otros alimentos s\u00f3lidos o semi l\u00edquidos y verifique peri\u00f3dicamente con su M\u00e9dico Veterinario que la dosis de Fit F\u00f3rmula Gato que administra est\u00e1 de acuerdo con el peso de su gato y el ambiente donde se desenvuelve.<\/p>\n<p>Propiedades<br \/>\n\u2022\tMayor durabilidad: El proceso de elaboraci\u00f3n al cual es sometido Fit F\u00f3rmula permite una mayor durabilidad de sus ingredientes en el tiempo.<br \/>\n\u2022\tMayor digestibilidad: La inclusi\u00f3n de ingredientes de alta digestibilidad maximiza la capacidad de asimilaci\u00f3n de los nutrientes, generando en su mascota una menor cantidad de deposiciones, con heces m\u00e1s firmes y mejor conformadas. La forma de nuestra croqueta est\u00e1 dise\u00f1ada para ser masticada con placer y digerida con mayor eficacia.<br \/>\n\u2022\tGarant\u00eda de calidad: Las altas especificaciones y atributos diferenciales de los ingredientes que componen Fit F\u00f3rmula, m\u00e1s el conocimiento del metabolismo de los nutrientes, aportado por M\u00e9dicos Veterinarios, permiten garantizar una excelente alimentaci\u00f3n de su perro.<\/p>\n","protected":false},"excerpt":{"rendered":"<p>Alimento premium para gatos adultos de 1 a 7 a\u00f1os. Excelente digestibilidad que se refleja en un menor volumen de heces<br \/>\nIngredientes<\/p>\n","protected":false},"featured_media":4334,"comment_status":"open","ping_status":"closed","template":"","meta":[],"product_brand":[57],"product_cat":[30],"product_tag":[],"class_list":{"0":"post-4333","1":"product","2":"type-product","3":"status-publish","4":"has-post-thumbnail","6":"product_brand-fit-formula","7":"product_cat-cat","9":"first","10":"instock","11":"shipping-taxable","12":"purchasable","13":"product-type-simple"},"_links":{"self":[{"href":"https:\/\/perropolis.cl\/index.php\/wp-json\/wp\/v2\/product\/4333","targetHints":{"allow":["GET"]}}],"collection":[{"href":"https:\/\/perropolis.cl\/index.php\/wp-json\/wp\/v2\/product"}],"about":[{"href":"https:\/\/perropolis.cl\/index.php\/wp-json\/wp\/v2\/types\/product"}],"replies":[{"embeddable":true,"href":"https:\/\/perropolis.cl\/index.php\/wp-json\/wp\/v2\/comments?post=4333"}],"wp:featuredmedia":[{"embeddable":true,"href":"https:\/\/perropolis.cl\/index.php\/wp-json\/wp\/v2\/media\/4334"}],"wp:attachment":[{"href":"https:\/\/perropolis.cl\/index.php\/wp-json\/wp\/v2\/media?parent=4333"}],"wp:term":[{"taxonomy":"product_brand","embeddable":true,"href":"https:\/\/perropolis.cl\/index.php\/wp-json\/wp\/v2\/product_brand?post=4333"},{"taxonomy":"product_cat","embeddable":true,"href":"https:\/\/perropolis.cl\/index.php\/wp-json\/wp\/v2\/product_cat?post=4333"},{"taxonomy":"product_tag","embeddable":true,"href":"https:\/\/perropolis.cl\/index.php\/wp-json\/wp\/v2\/product_tag?post=4333"}],"curies":[{"name":"wp","href":"https:\/\/api.w.org\/{rel}","templated":true}]}}