{"id":4331,"date":"2025-10-02T23:58:10","date_gmt":"2025-10-02T23:58:10","guid":{"rendered":"https:\/\/perropolis.cl\/?post_type=product&#038;p=4331"},"modified":"2025-10-02T23:59:19","modified_gmt":"2025-10-02T23:59:19","slug":"nomade-perro-adulto-raza-pequena","status":"publish","type":"product","link":"https:\/\/perropolis.cl\/index.php\/product\/nomade-perro-adulto-raza-pequena\/","title":{"rendered":"N\u00d3MADE PERRO ADULTO RAZA PEQUE\u00d1A"},"content":{"rendered":"<p>N\u00f3made, el alimento perfecto para perros adultos de razas peque\u00f1as, creado por expertos en nutrici\u00f3n animal. La f\u00f3rmula \u00fanica ofrece una serie de beneficios excepcionales que har\u00e1n que tu peludo amigo se sienta saludable y feliz todos los d\u00edas.<\/p>\n<p>\u00bfPor qu\u00e9 elegir N\u00f3made para la alimentaci\u00f3n de tu perro?<\/p>\n<p>N\u00f3made es mucho m\u00e1s que un alimento para perros. Est\u00e1 enriquecido con \u00e1cidos grasos Omega 3 y 6, esenciales para un pelaje brillante y un sistema nervioso en \u00f3ptimas condiciones. Adem\u00e1s, su f\u00f3rmula mejora el sistema inmune y la absorci\u00f3n de nutrientes gracias a los MOS y XPC\u00ae, garantizando una salud \u00f3ptima para tu mascota.<\/p>\n<p>Beneficios:<\/p>\n<p>Enriquecido con \u00c1cidos Grasos Omega 3 y 6: Garantiza un pelaje m\u00e1s sano y el funcionamiento adecuado del sistema nervioso.<br \/>\nMejora el Sistema Inmune y la Absorci\u00f3n de Nutrientes: Los MOS y XPC\u00ae fortalecen la inmunidad y aseguran una mejor absorci\u00f3n de nutrientes.<br \/>\nEnriquecido con Maqui: Proporciona antioxidantes, protecci\u00f3n cardiaca, y reduce la formaci\u00f3n de tejido graso.<br \/>\nM\u00fasculos M\u00e1s Fuertes y Sanos: Prote\u00ednas de alta calidad para mantener m\u00fasculos fuertes y un metabolismo \u00f3ptimo.<br \/>\nDientes M\u00e1s Blancos y Enc\u00edas M\u00e1s Sanas: El uso regular reduce el sarro dental y promueve una salud bucal \u00f3ptima.<br \/>\nContiene Extracto de Quillay: Reduce los olores desagradables de las heces, manteniendo un ambiente fresco y limpio.<br \/>\nAdem\u00e1s, N\u00f3mada es libre de colorantes artificiales, asegurando una alimentaci\u00f3n natural y saludable para tu perro.<\/p>\n<p>INGREDIENTES: <\/p>\n<p>Harina de ave y\/o vacuno; Ma\u00edz; Arroz; Subproductos de trigo; Aceite de ave y\/o cerdo; Harina de soya; Hidrolizado de h\u00edgado de ave\/vacuno; Carbonato de calcio; Colorante caramelo natural; Sal; Cultivo de levaduras XPC (Diamond V Mills); Aceite de salm\u00f3n (como fuente de Omega 3, EPA y DHA); Maqui org\u00e1nico deshidratado; Hexametafosfato de sodio (HMF);Extracto Yucca-Quillay; Zinc org\u00e1nico; Manano Oligosac\u00e1ridos (MOS); Antioxidantes autorizados y esencia de carne. Vitaminas: A, B1, B2, B6, D3, Niacina, Cloruro de Colina, Pantotenato de calcio y \u00c1cido f\u00f3lico. Minerales: Calcio, F\u00f3sforo, Hierro, Zinc, Cobre, Manganeso, Sodio y Selenio.<\/p>\n","protected":false},"excerpt":{"rendered":"<p>Con N\u00f3made, tu perro obtendr\u00e1 todo lo que necesita para una vida activa y llena de vitalidad. \u00a1Descubre el poder de una nutrici\u00f3n de calidad hoy mismo!<\/p>\n","protected":false},"featured_media":4332,"comment_status":"open","ping_status":"closed","template":"","meta":[],"product_brand":[56],"product_cat":[32],"product_tag":[],"class_list":{"0":"post-4331","1":"product","2":"type-product","3":"status-publish","4":"has-post-thumbnail","6":"product_brand-nomade","7":"product_cat-dog","9":"first","10":"instock","11":"shipping-taxable","12":"purchasable","13":"product-type-simple"},"_links":{"self":[{"href":"https:\/\/perropolis.cl\/index.php\/wp-json\/wp\/v2\/product\/4331","targetHints":{"allow":["GET"]}}],"collection":[{"href":"https:\/\/perropolis.cl\/index.php\/wp-json\/wp\/v2\/product"}],"about":[{"href":"https:\/\/perropolis.cl\/index.php\/wp-json\/wp\/v2\/types\/product"}],"replies":[{"embeddable":true,"href":"https:\/\/perropolis.cl\/index.php\/wp-json\/wp\/v2\/comments?post=4331"}],"wp:featuredmedia":[{"embeddable":true,"href":"https:\/\/perropolis.cl\/index.php\/wp-json\/wp\/v2\/media\/4332"}],"wp:attachment":[{"href":"https:\/\/perropolis.cl\/index.php\/wp-json\/wp\/v2\/media?parent=4331"}],"wp:term":[{"taxonomy":"product_brand","embeddable":true,"href":"https:\/\/perropolis.cl\/index.php\/wp-json\/wp\/v2\/product_brand?post=4331"},{"taxonomy":"product_cat","embeddable":true,"href":"https:\/\/perropolis.cl\/index.php\/wp-json\/wp\/v2\/product_cat?post=4331"},{"taxonomy":"product_tag","embeddable":true,"href":"https:\/\/perropolis.cl\/index.php\/wp-json\/wp\/v2\/product_tag?post=4331"}],"curies":[{"name":"wp","href":"https:\/\/api.w.org\/{rel}","templated":true}]}}