{"id":4329,"date":"2025-10-02T23:56:53","date_gmt":"2025-10-02T23:56:53","guid":{"rendered":"https:\/\/perropolis.cl\/?post_type=product&#038;p=4329"},"modified":"2025-10-02T23:56:53","modified_gmt":"2025-10-02T23:56:53","slug":"nomade-cachorro-10k","status":"publish","type":"product","link":"https:\/\/perropolis.cl\/index.php\/product\/nomade-cachorro-10k\/","title":{"rendered":"N\u00d3MADE CACHORRO 10K"},"content":{"rendered":"<p>BENEFICIOS<\/p>\n<p>\u2022\tEnriquecido con \u00e1cidos grasos omega 3 y 6: Los \u00e1cidos grasos omega 3 y 6 proporcionan un pelaje m\u00e1s sano y un mejor desarrollo y funcionamiento del sistema nervioso.<br \/>\n\u2022\tMejora el sistema inmune y la absorci\u00f3n de nutrientes: N\u00f3made incorpora mos (manano oligosac\u00e1ridos) que permite una mayor absorci\u00f3n de nutrientes, adem\u00e1s contiene xpc\u00ae, (cultivo de levaduras) que producen un marcado aumento en la inmunidad.<br \/>\n\u2022\tUso recomendado para hembras en etapa de gestaci\u00f3n y lactancia: Dado el alto nivel de prote\u00ednas y nutrientes que posee este alimento, necesario para mantener a su mascota en estas etapas de alto nivel de requerimiento nutricional.<br \/>\n\u2022\tM\u00fasculos m\u00e1s fuertes y sanos: Prote\u00ednas de alta calidad y adecuado balance de amino\u00e1cidos, ayudan a desarrollar y mantener m\u00fasculos fuertes y saludables, gracias a que promueve un metabolismo general \u00f3ptimo.<br \/>\n\u2022\tEnriquecido con maqui: Esta fruta oriunda de nuestro pa\u00eds, contiene un alto contenido de antioxidantes celulares que tienen funci\u00f3n cardio-protectora, ayudan a regular el metabolismo de la glucosa y del colesterol, teniendo adem\u00e1s funci\u00f3n antiinflamatoria.<br \/>\n\u2022\tContiene extracto de quillay: Reducci\u00f3n de los olores molestos de las heces de los perros (amonio, \u00e1cido sulfh\u00eddrico y mercaptanos).<\/p>\n<p>RECOMENDACIONES PR\u00c1CTICAS<\/p>\n<p>\u2022\tPara un \u00f3ptimo resultado en la alimentaci\u00f3n, al iniciar el consumo de N\u00f3made, h\u00e1galo en forma paulatina y en combinaci\u00f3n con el alimento anterior, esto por un per\u00edodo de 10 d\u00edas. .<br \/>\n\u2022\tMantener siempre agua fresca y limpia al alcance de su mascota.<br \/>\n\u2022\tMantener el alimento en la bolsa cerrada y en un lugar fresco y seco.<\/p>\n<p>INGREDIENTES<\/p>\n<p>Harina de ave y\/o vacuno, Ma\u00edz, Arroz, Subproductos de trigo, Aceite de ave y\/o cerdo, Harina de soya, Hidrolizado de h\u00edgado de ave\/vacuno, Carbonato de calcio, Colorante caramelo natural, Sal, Maqui deshidratado, Cultivo de levaduras XPC (Diamond V Mills), Hexametafosfato de sodio (HMF), Extracto Yucca-Quillay, Zinc org\u00e1nico, Manano Oligosac\u00e1ridos (MOS), Antioxidantes autorizados y esencia de carne. Vitaminas: A, B1, B2, B6, D3, Niacina, Cloruro de Colina, Pantotenato de calcio y \u00c1cido f\u00f3lico. Minerales: Calcio, Fosforo, Hierro, Zinc org\u00e1nico, C\u00f3bre, Manganeso, Sodio, Selenio.<\/p>\n","protected":false},"excerpt":{"rendered":"<p>M\u00fasculos m\u00e1s fuertes y sanos: Prote\u00ednas de alta calidad y adecuado balance de amino\u00e1cidos, ayudan a desarrollar y mantener m\u00fasculos fuertes y saludables, gracias a que promueve un metabolismo general \u00f3ptimo.<\/p>\n","protected":false},"featured_media":4330,"comment_status":"open","ping_status":"closed","template":"","meta":[],"product_brand":[56],"product_cat":[32],"product_tag":[],"class_list":{"0":"post-4329","1":"product","2":"type-product","3":"status-publish","4":"has-post-thumbnail","6":"product_brand-nomade","7":"product_cat-dog","9":"first","10":"instock","11":"shipping-taxable","12":"purchasable","13":"product-type-simple"},"_links":{"self":[{"href":"https:\/\/perropolis.cl\/index.php\/wp-json\/wp\/v2\/product\/4329","targetHints":{"allow":["GET"]}}],"collection":[{"href":"https:\/\/perropolis.cl\/index.php\/wp-json\/wp\/v2\/product"}],"about":[{"href":"https:\/\/perropolis.cl\/index.php\/wp-json\/wp\/v2\/types\/product"}],"replies":[{"embeddable":true,"href":"https:\/\/perropolis.cl\/index.php\/wp-json\/wp\/v2\/comments?post=4329"}],"wp:featuredmedia":[{"embeddable":true,"href":"https:\/\/perropolis.cl\/index.php\/wp-json\/wp\/v2\/media\/4330"}],"wp:attachment":[{"href":"https:\/\/perropolis.cl\/index.php\/wp-json\/wp\/v2\/media?parent=4329"}],"wp:term":[{"taxonomy":"product_brand","embeddable":true,"href":"https:\/\/perropolis.cl\/index.php\/wp-json\/wp\/v2\/product_brand?post=4329"},{"taxonomy":"product_cat","embeddable":true,"href":"https:\/\/perropolis.cl\/index.php\/wp-json\/wp\/v2\/product_cat?post=4329"},{"taxonomy":"product_tag","embeddable":true,"href":"https:\/\/perropolis.cl\/index.php\/wp-json\/wp\/v2\/product_tag?post=4329"}],"curies":[{"name":"wp","href":"https:\/\/api.w.org\/{rel}","templated":true}]}}