{"id":4327,"date":"2025-10-02T23:42:06","date_gmt":"2025-10-02T23:42:06","guid":{"rendered":"https:\/\/perropolis.cl\/?post_type=product&#038;p=4327"},"modified":"2025-10-02T23:55:12","modified_gmt":"2025-10-02T23:55:12","slug":"nomade-perro-adulto-20kg","status":"publish","type":"product","link":"https:\/\/perropolis.cl\/index.php\/product\/nomade-perro-adulto-20kg\/","title":{"rendered":"N\u00d3MADE PERRO ADULTO 20KG"},"content":{"rendered":"<p>El alimento N\u00f3made brinda una nutrici\u00f3n completa y balanceada para tu perro.<\/p>\n<p>N\u00f3made es un alimento para perros adultos de razas grandes y medianas desarrollado por expertos en nutrici\u00f3n animal.<br \/>\nUn alimento que excede los requerimientos nutricionales de perros adultos, a\u00fan de las razas m\u00e1s exigentes, proporcionando una dieta sana y equilibrada para una vida plena, feliz y en movimiento.<\/p>\n<p>Principales Beneficios:<br \/>\nEnriquecido con \u00e1cidos grasos omega 3 y 6:<br \/>\n\u2022 Los \u00e1cidos grasos Omega 3 y 6 proporcionan un pelaje m\u00e1s sano y mejor desarrollo y funcionamiento del sistema nervioso.<br \/>\nMejora el sistema inmune y la absorci\u00f3n de nutrientes:<br \/>\n\u2022 N\u00f3made incorpora MOS (Manano Oligosac\u00e1ridos) que permite una mayor absorci\u00f3n de nutrientes, adem\u00e1s contiene XPC6, (cultivo de levaduras) que producen un marcado aumento en la inmunidad.<\/p>\n<p>Enriquecido con maqui:<br \/>\n\u2022 Gran presencia de antioxidantes y cardio protectoras, adem\u00e1s de compuestos que ayudan a reducir la formaci\u00f3n de tejido graso. Posee acci\u00f3n anti inflamatoria y gastro protectora.<br \/>\nM\u00fasculos m\u00e1s fuertes y sanos:<br \/>\n\u2022 Prote\u00ednas de alta calidad y adecuado balance de amino\u00e1cidos, ayudan a desarrollar y mantener m\u00fasculos fuertes y saludables, gracias a que promueve un metabolismo general \u00f3ptimo.<br \/>\nEstimula el sistema inmune:<br \/>\n\u2022 N\u00f3made incorpora MOS (Manano Oligosac\u00e1ridos), que produce un marcado aumento en la inmunidad. Adem\u00e1s contiene XPC (cultivo de levaduras), que permite una mejor absorci\u00f3n de nutrientes.<br \/>\nContiene extracto de quillay:<br \/>\n\u2022 Reducci\u00f3n de los olores molestos de las heces de los perros (amonio, \u00e1cido sulfh\u00eddrico y mercaptanos).<\/p>\n<p>Ingredientes:<br \/>\nHarina de ave y\/o vacuno; Ma\u00edz; Arroz; Subproductos de trigo; Aceite de ave y\/o cerdo; Harina de soya; Hidrolizado de h\u00edgado de ave\/vacuno; Carbonato de calcio; Colorante caramelo natural; Sal; Cultivo de levaduras XPC (Diamond V Mills); Aceite de salm\u00f3n (como fuente de Omega 3, EPA y DHA); Maqui org\u00e1nico deshidratado; Hexametafosfato de sodio (HIMF); Extracto Yucca-Quillay; Zinc org\u00e1nico; Manano Oligosac\u00e1ridos (MOS); Antioxidantes autorizados y esencia de carne. Vitaminas: A, B1, B2, B6, D3, Niacina, Cloruro de Colina, Pantotenato de calcio y \u00c1cido f\u00f3lico. Minerales: Calcio, F\u00f3sforo, Hierro, Zinc, Cobre, Manganeso, Sodio y Selenio.<\/p>\n","protected":false},"excerpt":{"rendered":"<p>N\u00f3made es un alimento para perros adultos de razas grandes y medianas desarrollado por expertos en nutrici\u00f3n animal.<br \/>\nUn alimento que excede los requerimientos nutricionales de perros adultos, a\u00fan de las razas m\u00e1s exigentes, proporcionando una dieta sana y equilibrada para una vida plena, feliz y en movimiento.<\/p>\n","protected":false},"featured_media":4328,"comment_status":"open","ping_status":"closed","template":"","meta":[],"product_brand":[56],"product_cat":[32],"product_tag":[],"class_list":{"0":"post-4327","1":"product","2":"type-product","3":"status-publish","4":"has-post-thumbnail","6":"product_brand-nomade","7":"product_cat-dog","9":"first","10":"instock","11":"shipping-taxable","12":"purchasable","13":"product-type-simple"},"_links":{"self":[{"href":"https:\/\/perropolis.cl\/index.php\/wp-json\/wp\/v2\/product\/4327","targetHints":{"allow":["GET"]}}],"collection":[{"href":"https:\/\/perropolis.cl\/index.php\/wp-json\/wp\/v2\/product"}],"about":[{"href":"https:\/\/perropolis.cl\/index.php\/wp-json\/wp\/v2\/types\/product"}],"replies":[{"embeddable":true,"href":"https:\/\/perropolis.cl\/index.php\/wp-json\/wp\/v2\/comments?post=4327"}],"wp:featuredmedia":[{"embeddable":true,"href":"https:\/\/perropolis.cl\/index.php\/wp-json\/wp\/v2\/media\/4328"}],"wp:attachment":[{"href":"https:\/\/perropolis.cl\/index.php\/wp-json\/wp\/v2\/media?parent=4327"}],"wp:term":[{"taxonomy":"product_brand","embeddable":true,"href":"https:\/\/perropolis.cl\/index.php\/wp-json\/wp\/v2\/product_brand?post=4327"},{"taxonomy":"product_cat","embeddable":true,"href":"https:\/\/perropolis.cl\/index.php\/wp-json\/wp\/v2\/product_cat?post=4327"},{"taxonomy":"product_tag","embeddable":true,"href":"https:\/\/perropolis.cl\/index.php\/wp-json\/wp\/v2\/product_tag?post=4327"}],"curies":[{"name":"wp","href":"https:\/\/api.w.org\/{rel}","templated":true}]}}